{"id":576,"date":"2020-12-01T15:13:52","date_gmt":"2020-12-01T14:13:52","guid":{"rendered":"http:\/\/www.couradeau-delphine.com\/enihpled\/?page_id=576"},"modified":"2023-09-01T16:39:17","modified_gmt":"2023-09-01T15:39:17","slug":"community-manager","status":"publish","type":"page","link":"https:\/\/www.couradeau-delphine.com\/enihpled\/community-manager\/","title":{"rendered":"Community Manager"},"content":{"rendered":"\n<p>Community manager (CM) est un m\u00e9tier li\u00e9 au d\u00e9veloppement d&rsquo;internet et des r\u00e9seaux sociaux. <\/p>\n\n\n\n<p>Ma mission est de faire vivre ses r\u00e9seaux pour mes clients.<\/p>\n\n\n\n<p>Je cr\u00e9e du contenu sous forme d&rsquo;image ou de texte.<\/p>\n\n\n\n<p>Je m&rsquo;occupe de r\u00e9pondre aux usagers qui interagissent avec ce contenu par des commentaires ou des messages priv\u00e9s.<\/p>\n\n\n\n<p>Je fais de la veille pour suivre les modifications de ses r\u00e9seaux et en apporter la meilleur exploitation.<\/p>\n\n\n\n<p>Vous pouvez consulter mon travail du moment :<\/p>\n\n\n\n<div class=\"wp-block-media-text alignwide is-stacked-on-mobile reseauxsociaux\" style=\"grid-template-columns:15% auto\"><figure class=\"wp-block-media-text__media\"><a href=\"https:\/\/www.facebook.com\/latelierdesmoires\" target=\"_blank\" rel=\"noopener noreferrer\"><img decoding=\"async\" loading=\"lazy\" width=\"214\" height=\"214\" src=\"https:\/\/www.couradeau-delphine.com\/enihpled\/wp-content\/uploads\/2020\/12\/face.png\" alt=\"\" class=\"wp-image-581 size-full\" srcset=\"https:\/\/www.couradeau-delphine.com\/enihpled\/wp-content\/uploads\/2020\/12\/face.png 214w, https:\/\/www.couradeau-delphine.com\/enihpled\/wp-content\/uploads\/2020\/12\/face-150x150.png 150w\" sizes=\"(max-width: 214px) 100vw, 214px\" \/><\/a><\/figure><div class=\"wp-block-media-text__content\">\n<p class=\"has-large-font-size\"><a href=\"https:\/\/www.facebook.com\/latelierdesmoires\" target=\"_blank\" rel=\"noreferrer noopener\">Page Facebook de l&rsquo;atelier des Moires<\/a><\/p>\n<\/div><\/div>\n\n\n\n<div class=\"wp-block-media-text alignwide is-stacked-on-mobile reseauxsociaux\" style=\"grid-template-columns:15% auto\"><figure class=\"wp-block-media-text__media\"><a href=\"https:\/\/www.instagram.com\/atelierdesmoires\/?hl=fr\" target=\"_blank\" rel=\"noopener noreferrer\"><img decoding=\"async\" loading=\"lazy\" width=\"214\" height=\"214\" src=\"https:\/\/www.couradeau-delphine.com\/enihpled\/wp-content\/uploads\/2020\/12\/insta.png\" alt=\"\" class=\"wp-image-582 size-full\" srcset=\"https:\/\/www.couradeau-delphine.com\/enihpled\/wp-content\/uploads\/2020\/12\/insta.png 214w, https:\/\/www.couradeau-delphine.com\/enihpled\/wp-content\/uploads\/2020\/12\/insta-150x150.png 150w\" sizes=\"(max-width: 214px) 100vw, 214px\" \/><\/a><\/figure><div class=\"wp-block-media-text__content\">\n<p class=\"has-large-font-size\"><a rel=\"noreferrer noopener\" href=\"https:\/\/www.instagram.com\/atelierdesmoires\/?hl=fr\" target=\"_blank\">Compte Instagram de <\/a><a href=\"https:\/\/www.instagram.com\/atelierdesmoires\/?hl=fr\" target=\"_blank\" rel=\"noreferrer noopener\">L<\/a><a rel=\"noreferrer noopener\" href=\"https:\/\/www.instagram.com\/atelierdesmoires\/?hl=fr\" target=\"_blank\">&lsquo;atelier des Moires<\/a><\/p>\n<\/div><\/div>\n\n\n\n<div class=\"wp-block-media-text alignwide is-stacked-on-mobile is-vertically-aligned-center reseauxsociaux\" style=\"grid-template-columns:15% auto\"><figure class=\"wp-block-media-text__media\"><a href=\"https:\/\/www.facebook.com\/zontachinon\" target=\"_blank\" rel=\"noopener noreferrer\"><img decoding=\"async\" loading=\"lazy\" width=\"214\" height=\"214\" src=\"https:\/\/www.couradeau-delphine.com\/enihpled\/wp-content\/uploads\/2020\/12\/face.png\" alt=\"\" class=\"wp-image-581 size-full\" srcset=\"https:\/\/www.couradeau-delphine.com\/enihpled\/wp-content\/uploads\/2020\/12\/face.png 214w, https:\/\/www.couradeau-delphine.com\/enihpled\/wp-content\/uploads\/2020\/12\/face-150x150.png 150w\" sizes=\"(max-width: 214px) 100vw, 214px\" \/><\/a><\/figure><div class=\"wp-block-media-text__content\">\n<p class=\"has-text-align-left has-large-font-size\"><a href=\"https:\/\/www.facebook.com\/zontachinon\" target=\"_blank\" rel=\"noreferrer noopener\">Page Facebook du Zonta Chinon<\/a><\/p>\n<\/div><\/div>\n\n\n\n<p><\/p>\n","protected":false},"excerpt":{"rendered":"<p>Community manager (CM) est un m\u00e9tier li\u00e9 au d\u00e9veloppement d&rsquo;internet et des r\u00e9seaux sociaux. Ma mission est de faire vivre ses r\u00e9seaux pour mes clients. Je cr\u00e9e du contenu sous forme d&rsquo;image ou de texte. Je m&rsquo;occupe de r\u00e9pondre aux usagers qui interagissent avec ce contenu par des commentaires ou des messages priv\u00e9s. Je fais [&hellip;]<\/p>\n","protected":false},"author":1,"featured_media":0,"parent":0,"menu_order":0,"comment_status":"closed","ping_status":"closed","template":"","meta":{"footnotes":""},"yoast_head":"<!-- This site is optimized with the Yoast SEO plugin v22.6 - https:\/\/yoast.com\/wordpress\/plugins\/seo\/ -->\n<title>Community Manager - Enihpled<\/title>\n<meta name=\"description\" content=\"Ma mission est de faire vivre ses r\u00e9seaux pour mes clients. Je cr\u00e9e du contenu sous forme d\u2019image ou de texte. Je m\u2019occupe de r\u00e9pondre aux usagers qui interagissent avec ce contenu par des commentaires ou des messages priv\u00e9s. Je fais de la veille pour suivre les modifications de ses r\u00e9seaux et en apporter la meilleur exploitation.\" \/>\n<meta name=\"robots\" content=\"index, follow, max-snippet:-1, max-image-preview:large, max-video-preview:-1\" \/>\n<link rel=\"canonical\" href=\"https:\/\/www.couradeau-delphine.com\/enihpled\/community-manager\/\" \/>\n<meta property=\"og:locale\" content=\"fr_FR\" \/>\n<meta property=\"og:type\" content=\"article\" \/>\n<meta property=\"og:title\" content=\"Community Manager - Enihpled\" \/>\n<meta property=\"og:description\" content=\"Ma mission est de faire vivre ses r\u00e9seaux pour mes clients. Je cr\u00e9e du contenu sous forme d\u2019image ou de texte. Je m\u2019occupe de r\u00e9pondre aux usagers qui interagissent avec ce contenu par des commentaires ou des messages priv\u00e9s. Je fais de la veille pour suivre les modifications de ses r\u00e9seaux et en apporter la meilleur exploitation.\" \/>\n<meta property=\"og:url\" content=\"https:\/\/www.couradeau-delphine.com\/enihpled\/community-manager\/\" \/>\n<meta property=\"og:site_name\" content=\"Enihpled\" \/>\n<meta property=\"article:modified_time\" content=\"2023-09-01T15:39:17+00:00\" \/>\n<meta property=\"og:image\" content=\"https:\/\/www.couradeau-delphine.com\/enihpled\/wp-content\/uploads\/2020\/12\/face.png\" \/>\n<meta name=\"twitter:card\" content=\"summary_large_image\" \/>\n<meta name=\"twitter:label1\" content=\"Dur\u00e9e de lecture estim\u00e9e\" \/>\n\t<meta name=\"twitter:data1\" content=\"2 minutes\" \/>\n<script type=\"application\/ld+json\" class=\"yoast-schema-graph\">{\"@context\":\"https:\/\/schema.org\",\"@graph\":[{\"@type\":\"WebPage\",\"@id\":\"https:\/\/www.couradeau-delphine.com\/enihpled\/community-manager\/\",\"url\":\"https:\/\/www.couradeau-delphine.com\/enihpled\/community-manager\/\",\"name\":\"Community Manager - Enihpled\",\"isPartOf\":{\"@id\":\"https:\/\/www.couradeau-delphine.com\/enihpled\/#website\"},\"primaryImageOfPage\":{\"@id\":\"https:\/\/www.couradeau-delphine.com\/enihpled\/community-manager\/#primaryimage\"},\"image\":{\"@id\":\"https:\/\/www.couradeau-delphine.com\/enihpled\/community-manager\/#primaryimage\"},\"thumbnailUrl\":\"https:\/\/www.couradeau-delphine.com\/enihpled\/wp-content\/uploads\/2020\/12\/face.png\",\"datePublished\":\"2020-12-01T14:13:52+00:00\",\"dateModified\":\"2023-09-01T15:39:17+00:00\",\"description\":\"Ma mission est de faire vivre ses r\u00e9seaux pour mes clients. Je cr\u00e9e du contenu sous forme d\u2019image ou de texte. Je m\u2019occupe de r\u00e9pondre aux usagers qui interagissent avec ce contenu par des commentaires ou des messages priv\u00e9s. Je fais de la veille pour suivre les modifications de ses r\u00e9seaux et en apporter la meilleur exploitation.\",\"breadcrumb\":{\"@id\":\"https:\/\/www.couradeau-delphine.com\/enihpled\/community-manager\/#breadcrumb\"},\"inLanguage\":\"fr-FR\",\"potentialAction\":[{\"@type\":\"ReadAction\",\"target\":[\"https:\/\/www.couradeau-delphine.com\/enihpled\/community-manager\/\"]}]},{\"@type\":\"ImageObject\",\"inLanguage\":\"fr-FR\",\"@id\":\"https:\/\/www.couradeau-delphine.com\/enihpled\/community-manager\/#primaryimage\",\"url\":\"https:\/\/www.couradeau-delphine.com\/enihpled\/wp-content\/uploads\/2020\/12\/face.png\",\"contentUrl\":\"https:\/\/www.couradeau-delphine.com\/enihpled\/wp-content\/uploads\/2020\/12\/face.png\",\"width\":214,\"height\":214},{\"@type\":\"BreadcrumbList\",\"@id\":\"https:\/\/www.couradeau-delphine.com\/enihpled\/community-manager\/#breadcrumb\",\"itemListElement\":[{\"@type\":\"ListItem\",\"position\":1,\"name\":\"Accueil\",\"item\":\"https:\/\/www.couradeau-delphine.com\/enihpled\/\"},{\"@type\":\"ListItem\",\"position\":2,\"name\":\"Community Manager\"}]},{\"@type\":\"WebSite\",\"@id\":\"https:\/\/www.couradeau-delphine.com\/enihpled\/#website\",\"url\":\"https:\/\/www.couradeau-delphine.com\/enihpled\/\",\"name\":\"Enihpled\",\"description\":\"\",\"publisher\":{\"@id\":\"https:\/\/www.couradeau-delphine.com\/enihpled\/#organization\"},\"potentialAction\":[{\"@type\":\"SearchAction\",\"target\":{\"@type\":\"EntryPoint\",\"urlTemplate\":\"https:\/\/www.couradeau-delphine.com\/enihpled\/?s={search_term_string}\"},\"query-input\":\"required name=search_term_string\"}],\"inLanguage\":\"fr-FR\"},{\"@type\":\"Organization\",\"@id\":\"https:\/\/www.couradeau-delphine.com\/enihpled\/#organization\",\"name\":\"Enihpled\",\"url\":\"https:\/\/www.couradeau-delphine.com\/enihpled\/\",\"logo\":{\"@type\":\"ImageObject\",\"inLanguage\":\"fr-FR\",\"@id\":\"https:\/\/www.couradeau-delphine.com\/enihpled\/#\/schema\/logo\/image\/\",\"url\":\"https:\/\/www.couradeau-delphine.com\/enihpled\/wp-content\/uploads\/2020\/12\/cropped-logofougereV2.png\",\"contentUrl\":\"https:\/\/www.couradeau-delphine.com\/enihpled\/wp-content\/uploads\/2020\/12\/cropped-logofougereV2.png\",\"width\":762,\"height\":654,\"caption\":\"Enihpled\"},\"image\":{\"@id\":\"https:\/\/www.couradeau-delphine.com\/enihpled\/#\/schema\/logo\/image\/\"}}]}<\/script>\n<!-- \/ Yoast SEO plugin. -->","yoast_head_json":{"title":"Community Manager - Enihpled","description":"Ma mission est de faire vivre ses r\u00e9seaux pour mes clients. Je cr\u00e9e du contenu sous forme d\u2019image ou de texte. Je m\u2019occupe de r\u00e9pondre aux usagers qui interagissent avec ce contenu par des commentaires ou des messages priv\u00e9s. Je fais de la veille pour suivre les modifications de ses r\u00e9seaux et en apporter la meilleur exploitation.","robots":{"index":"index","follow":"follow","max-snippet":"max-snippet:-1","max-image-preview":"max-image-preview:large","max-video-preview":"max-video-preview:-1"},"canonical":"https:\/\/www.couradeau-delphine.com\/enihpled\/community-manager\/","og_locale":"fr_FR","og_type":"article","og_title":"Community Manager - Enihpled","og_description":"Ma mission est de faire vivre ses r\u00e9seaux pour mes clients. Je cr\u00e9e du contenu sous forme d\u2019image ou de texte. Je m\u2019occupe de r\u00e9pondre aux usagers qui interagissent avec ce contenu par des commentaires ou des messages priv\u00e9s. Je fais de la veille pour suivre les modifications de ses r\u00e9seaux et en apporter la meilleur exploitation.","og_url":"https:\/\/www.couradeau-delphine.com\/enihpled\/community-manager\/","og_site_name":"Enihpled","article_modified_time":"2023-09-01T15:39:17+00:00","og_image":[{"url":"https:\/\/www.couradeau-delphine.com\/enihpled\/wp-content\/uploads\/2020\/12\/face.png"}],"twitter_card":"summary_large_image","twitter_misc":{"Dur\u00e9e de lecture estim\u00e9e":"2 minutes"},"schema":{"@context":"https:\/\/schema.org","@graph":[{"@type":"WebPage","@id":"https:\/\/www.couradeau-delphine.com\/enihpled\/community-manager\/","url":"https:\/\/www.couradeau-delphine.com\/enihpled\/community-manager\/","name":"Community Manager - Enihpled","isPartOf":{"@id":"https:\/\/www.couradeau-delphine.com\/enihpled\/#website"},"primaryImageOfPage":{"@id":"https:\/\/www.couradeau-delphine.com\/enihpled\/community-manager\/#primaryimage"},"image":{"@id":"https:\/\/www.couradeau-delphine.com\/enihpled\/community-manager\/#primaryimage"},"thumbnailUrl":"https:\/\/www.couradeau-delphine.com\/enihpled\/wp-content\/uploads\/2020\/12\/face.png","datePublished":"2020-12-01T14:13:52+00:00","dateModified":"2023-09-01T15:39:17+00:00","description":"Ma mission est de faire vivre ses r\u00e9seaux pour mes clients. Je cr\u00e9e du contenu sous forme d\u2019image ou de texte. Je m\u2019occupe de r\u00e9pondre aux usagers qui interagissent avec ce contenu par des commentaires ou des messages priv\u00e9s. Je fais de la veille pour suivre les modifications de ses r\u00e9seaux et en apporter la meilleur exploitation.","breadcrumb":{"@id":"https:\/\/www.couradeau-delphine.com\/enihpled\/community-manager\/#breadcrumb"},"inLanguage":"fr-FR","potentialAction":[{"@type":"ReadAction","target":["https:\/\/www.couradeau-delphine.com\/enihpled\/community-manager\/"]}]},{"@type":"ImageObject","inLanguage":"fr-FR","@id":"https:\/\/www.couradeau-delphine.com\/enihpled\/community-manager\/#primaryimage","url":"https:\/\/www.couradeau-delphine.com\/enihpled\/wp-content\/uploads\/2020\/12\/face.png","contentUrl":"https:\/\/www.couradeau-delphine.com\/enihpled\/wp-content\/uploads\/2020\/12\/face.png","width":214,"height":214},{"@type":"BreadcrumbList","@id":"https:\/\/www.couradeau-delphine.com\/enihpled\/community-manager\/#breadcrumb","itemListElement":[{"@type":"ListItem","position":1,"name":"Accueil","item":"https:\/\/www.couradeau-delphine.com\/enihpled\/"},{"@type":"ListItem","position":2,"name":"Community Manager"}]},{"@type":"WebSite","@id":"https:\/\/www.couradeau-delphine.com\/enihpled\/#website","url":"https:\/\/www.couradeau-delphine.com\/enihpled\/","name":"Enihpled","description":"","publisher":{"@id":"https:\/\/www.couradeau-delphine.com\/enihpled\/#organization"},"potentialAction":[{"@type":"SearchAction","target":{"@type":"EntryPoint","urlTemplate":"https:\/\/www.couradeau-delphine.com\/enihpled\/?s={search_term_string}"},"query-input":"required name=search_term_string"}],"inLanguage":"fr-FR"},{"@type":"Organization","@id":"https:\/\/www.couradeau-delphine.com\/enihpled\/#organization","name":"Enihpled","url":"https:\/\/www.couradeau-delphine.com\/enihpled\/","logo":{"@type":"ImageObject","inLanguage":"fr-FR","@id":"https:\/\/www.couradeau-delphine.com\/enihpled\/#\/schema\/logo\/image\/","url":"https:\/\/www.couradeau-delphine.com\/enihpled\/wp-content\/uploads\/2020\/12\/cropped-logofougereV2.png","contentUrl":"https:\/\/www.couradeau-delphine.com\/enihpled\/wp-content\/uploads\/2020\/12\/cropped-logofougereV2.png","width":762,"height":654,"caption":"Enihpled"},"image":{"@id":"https:\/\/www.couradeau-delphine.com\/enihpled\/#\/schema\/logo\/image\/"}}]}},"_links":{"self":[{"href":"https:\/\/www.couradeau-delphine.com\/enihpled\/wp-json\/wp\/v2\/pages\/576"}],"collection":[{"href":"https:\/\/www.couradeau-delphine.com\/enihpled\/wp-json\/wp\/v2\/pages"}],"about":[{"href":"https:\/\/www.couradeau-delphine.com\/enihpled\/wp-json\/wp\/v2\/types\/page"}],"author":[{"embeddable":true,"href":"https:\/\/www.couradeau-delphine.com\/enihpled\/wp-json\/wp\/v2\/users\/1"}],"replies":[{"embeddable":true,"href":"https:\/\/www.couradeau-delphine.com\/enihpled\/wp-json\/wp\/v2\/comments?post=576"}],"version-history":[{"count":11,"href":"https:\/\/www.couradeau-delphine.com\/enihpled\/wp-json\/wp\/v2\/pages\/576\/revisions"}],"predecessor-version":[{"id":704,"href":"https:\/\/www.couradeau-delphine.com\/enihpled\/wp-json\/wp\/v2\/pages\/576\/revisions\/704"}],"wp:attachment":[{"href":"https:\/\/www.couradeau-delphine.com\/enihpled\/wp-json\/wp\/v2\/media?parent=576"}],"curies":[{"name":"wp","href":"https:\/\/api.w.org\/{rel}","templated":true}]}}