{"id":41,"date":"2014-02-10T22:24:52","date_gmt":"2014-02-10T21:24:52","guid":{"rendered":"http:\/\/localhost:8888\/enihpled_wp\/?page_id=41"},"modified":"2023-09-01T16:34:34","modified_gmt":"2023-09-01T15:34:34","slug":"accueil-2","status":"publish","type":"page","link":"https:\/\/www.couradeau-delphine.com\/enihpled\/","title":{"rendered":"Home"},"content":{"rendered":"<div class=\"wp-block-image\">\n<figure class=\"aligncenter size-large\"><img decoding=\"async\" loading=\"lazy\" width=\"762\" height=\"654\" src=\"https:\/\/www.couradeau-delphine.com\/enihpled\/wp-content\/uploads\/2020\/12\/logofougereV2.png\" alt=\"\" class=\"wp-image-570\" srcset=\"https:\/\/www.couradeau-delphine.com\/enihpled\/wp-content\/uploads\/2020\/12\/logofougereV2.png 762w, https:\/\/www.couradeau-delphine.com\/enihpled\/wp-content\/uploads\/2020\/12\/logofougereV2-300x257.png 300w\" sizes=\"(max-width: 762px) 100vw, 762px\" \/><\/figure><\/div>\n\n\n<p>Bonjour et bienvenue sur le site de Delphine Couradeau alias Enihpled (mon pr\u00e9nom \u00e0 l&rsquo;envers). Vous y trouverez des mises en pratiques de mes savoirs faire dans les domaines du web et de l&rsquo;infographie.<\/p>\n\n\n\n<hr class=\"wp-block-separator has-css-opacity\"\/>\n\n\n\n<h3 class=\"wp-block-heading\">Mon parcours<\/h3>\n\n\n\n<p>Originaire du Poitou, j&rsquo;ai fait mes \u00e9tudes sup\u00e9rieures aux beaux-arts de Tours o\u00f9 j&rsquo;ai obtenu le DNAP, puis le DNSEP.<\/p>\n\n\n\n<p>J&rsquo;ai toujours eu une passion pour la technologie et l&rsquo;informatique ce qui m&rsquo;a pouss\u00e9 \u00e0 compl\u00e9ter ma formation au CEFIM pour obtenir le titre professionnel d&rsquo;infographiste Webmaster.<\/p>\n\n\n\n<hr class=\"wp-block-separator has-css-opacity\"\/>\n\n\n\n<h3 class=\"wp-block-heading\">Mes savoirs-faire<\/h3>\n\n\n\n<p>Je cr\u00e9e des logos et chartes graphiques.<\/p>\n\n\n\n<p>Je vectorise des logos d\u00e9ja existants ( impressions sur tissu, drapeau, objets, etc ).<\/p>\n\n\n\n<p>Je fais des encarts publicitaires, prospectus, affiches et flyers en reprenant une charte existante.<\/p>\n\n\n\n<p>Je cr\u00e9e des sites internet avec wordpress ou Wix.<\/p>\n\n\n\n<p>Je r\u00e9alise des plans en 3D.<\/p>\n\n\n\n<p>Je suis community Manager , je donne des conseils et m&rsquo;occupe de comptes facebook et instragram pour mes clients.<\/p>\n\n\n\n<hr class=\"wp-block-separator has-css-opacity\"\/>\n\n\n\n<p class=\"has-text-align-center\">N&rsquo;h\u00e9sitez pas \u00e0 me contacter pour un devis ou conseil.<\/p>\n\n\n\n<div class=\"wp-block-buttons is-horizontal is-content-justification-center is-layout-flex wp-container-1 wp-block-buttons-is-layout-flex\">\n<div class=\"wp-block-button\"><a class=\"wp-block-button__link wp-element-button\" href=\"mailto:couradeau.delphine@gmail.com\" style=\"border-radius:15px\" target=\"_blank\" rel=\"noreferrer noopener\">m&rsquo;\u00e9crire<\/a><\/div>\n<\/div>\n","protected":false},"excerpt":{"rendered":"<p>Bonjour et bienvenue sur le site de Delphine Couradeau alias Enihpled (mon pr\u00e9nom \u00e0 l&rsquo;envers). Vous y trouverez des mises en pratiques de mes savoirs faire dans les domaines du web et de l&rsquo;infographie. Mon parcours Originaire du Poitou, j&rsquo;ai fait mes \u00e9tudes sup\u00e9rieures aux beaux-arts de Tours o\u00f9 j&rsquo;ai obtenu le DNAP, puis le [&hellip;]<\/p>\n","protected":false},"author":2,"featured_media":0,"parent":0,"menu_order":0,"comment_status":"closed","ping_status":"closed","template":"","meta":{"footnotes":""},"yoast_head":"<!-- This site is optimized with the Yoast SEO plugin v22.6 - https:\/\/yoast.com\/wordpress\/plugins\/seo\/ -->\n<title>Home - Enihpled<\/title>\n<meta name=\"description\" content=\"Bonjour et bienvenue sur le site de Delphine Couradeau alias Enihpled (son pr\u00e9nom \u00e0 l&#039;envers). Vous y trouverez des mises en pratiques de son savoir faire dans les domaines du web et de l&#039;infographie.\" \/>\n<meta name=\"robots\" content=\"index, follow, max-snippet:-1, max-image-preview:large, max-video-preview:-1\" \/>\n<link rel=\"canonical\" href=\"https:\/\/www.couradeau-delphine.com\/enihpled\/\" \/>\n<meta property=\"og:locale\" content=\"fr_FR\" \/>\n<meta property=\"og:type\" content=\"article\" \/>\n<meta property=\"og:title\" content=\"Home - Enihpled\" \/>\n<meta property=\"og:description\" content=\"Bonjour et bienvenue sur le site de Delphine Couradeau alias Enihpled (son pr\u00e9nom \u00e0 l&#039;envers). Vous y trouverez des mises en pratiques de son savoir faire dans les domaines du web et de l&#039;infographie.\" \/>\n<meta property=\"og:url\" content=\"https:\/\/www.couradeau-delphine.com\/enihpled\/\" \/>\n<meta property=\"og:site_name\" content=\"Enihpled\" \/>\n<meta property=\"article:modified_time\" content=\"2023-09-01T15:34:34+00:00\" \/>\n<meta property=\"og:image\" content=\"http:\/\/www.couradeau-delphine.com\/enihpled\/wp-content\/uploads\/2020\/12\/logofougereV2.png\" \/>\n<meta name=\"twitter:card\" content=\"summary_large_image\" \/>\n<meta name=\"twitter:label1\" content=\"Dur\u00e9e de lecture estim\u00e9e\" \/>\n\t<meta name=\"twitter:data1\" content=\"2 minutes\" \/>\n<script type=\"application\/ld+json\" class=\"yoast-schema-graph\">{\"@context\":\"https:\/\/schema.org\",\"@graph\":[{\"@type\":\"WebPage\",\"@id\":\"https:\/\/www.couradeau-delphine.com\/enihpled\/\",\"url\":\"https:\/\/www.couradeau-delphine.com\/enihpled\/\",\"name\":\"Home - Enihpled\",\"isPartOf\":{\"@id\":\"https:\/\/www.couradeau-delphine.com\/enihpled\/#website\"},\"primaryImageOfPage\":{\"@id\":\"https:\/\/www.couradeau-delphine.com\/enihpled\/#primaryimage\"},\"image\":{\"@id\":\"https:\/\/www.couradeau-delphine.com\/enihpled\/#primaryimage\"},\"thumbnailUrl\":\"http:\/\/www.couradeau-delphine.com\/enihpled\/wp-content\/uploads\/2020\/12\/logofougereV2.png\",\"datePublished\":\"2014-02-10T21:24:52+00:00\",\"dateModified\":\"2023-09-01T15:34:34+00:00\",\"description\":\"Bonjour et bienvenue sur le site de Delphine Couradeau alias Enihpled (son pr\u00e9nom \u00e0 l'envers). Vous y trouverez des mises en pratiques de son savoir faire dans les domaines du web et de l'infographie.\",\"breadcrumb\":{\"@id\":\"https:\/\/www.couradeau-delphine.com\/enihpled\/#breadcrumb\"},\"inLanguage\":\"fr-FR\",\"potentialAction\":[{\"@type\":\"ReadAction\",\"target\":[\"https:\/\/www.couradeau-delphine.com\/enihpled\/\"]}]},{\"@type\":\"ImageObject\",\"inLanguage\":\"fr-FR\",\"@id\":\"https:\/\/www.couradeau-delphine.com\/enihpled\/#primaryimage\",\"url\":\"http:\/\/www.couradeau-delphine.com\/enihpled\/wp-content\/uploads\/2020\/12\/logofougereV2.png\",\"contentUrl\":\"http:\/\/www.couradeau-delphine.com\/enihpled\/wp-content\/uploads\/2020\/12\/logofougereV2.png\"},{\"@type\":\"BreadcrumbList\",\"@id\":\"https:\/\/www.couradeau-delphine.com\/enihpled\/#breadcrumb\",\"itemListElement\":[{\"@type\":\"ListItem\",\"position\":1,\"name\":\"Accueil\",\"item\":\"https:\/\/www.couradeau-delphine.com\/enihpled\/\"},{\"@type\":\"ListItem\",\"position\":2,\"name\":\"Home\"}]},{\"@type\":\"WebSite\",\"@id\":\"https:\/\/www.couradeau-delphine.com\/enihpled\/#website\",\"url\":\"https:\/\/www.couradeau-delphine.com\/enihpled\/\",\"name\":\"Enihpled\",\"description\":\"\",\"publisher\":{\"@id\":\"https:\/\/www.couradeau-delphine.com\/enihpled\/#organization\"},\"potentialAction\":[{\"@type\":\"SearchAction\",\"target\":{\"@type\":\"EntryPoint\",\"urlTemplate\":\"https:\/\/www.couradeau-delphine.com\/enihpled\/?s={search_term_string}\"},\"query-input\":\"required name=search_term_string\"}],\"inLanguage\":\"fr-FR\"},{\"@type\":\"Organization\",\"@id\":\"https:\/\/www.couradeau-delphine.com\/enihpled\/#organization\",\"name\":\"Enihpled\",\"url\":\"https:\/\/www.couradeau-delphine.com\/enihpled\/\",\"logo\":{\"@type\":\"ImageObject\",\"inLanguage\":\"fr-FR\",\"@id\":\"https:\/\/www.couradeau-delphine.com\/enihpled\/#\/schema\/logo\/image\/\",\"url\":\"https:\/\/www.couradeau-delphine.com\/enihpled\/wp-content\/uploads\/2020\/12\/cropped-logofougereV2.png\",\"contentUrl\":\"https:\/\/www.couradeau-delphine.com\/enihpled\/wp-content\/uploads\/2020\/12\/cropped-logofougereV2.png\",\"width\":762,\"height\":654,\"caption\":\"Enihpled\"},\"image\":{\"@id\":\"https:\/\/www.couradeau-delphine.com\/enihpled\/#\/schema\/logo\/image\/\"}}]}<\/script>\n<!-- \/ Yoast SEO plugin. -->","yoast_head_json":{"title":"Home - Enihpled","description":"Bonjour et bienvenue sur le site de Delphine Couradeau alias Enihpled (son pr\u00e9nom \u00e0 l'envers). Vous y trouverez des mises en pratiques de son savoir faire dans les domaines du web et de l'infographie.","robots":{"index":"index","follow":"follow","max-snippet":"max-snippet:-1","max-image-preview":"max-image-preview:large","max-video-preview":"max-video-preview:-1"},"canonical":"https:\/\/www.couradeau-delphine.com\/enihpled\/","og_locale":"fr_FR","og_type":"article","og_title":"Home - Enihpled","og_description":"Bonjour et bienvenue sur le site de Delphine Couradeau alias Enihpled (son pr\u00e9nom \u00e0 l'envers). Vous y trouverez des mises en pratiques de son savoir faire dans les domaines du web et de l'infographie.","og_url":"https:\/\/www.couradeau-delphine.com\/enihpled\/","og_site_name":"Enihpled","article_modified_time":"2023-09-01T15:34:34+00:00","og_image":[{"url":"http:\/\/www.couradeau-delphine.com\/enihpled\/wp-content\/uploads\/2020\/12\/logofougereV2.png"}],"twitter_card":"summary_large_image","twitter_misc":{"Dur\u00e9e de lecture estim\u00e9e":"2 minutes"},"schema":{"@context":"https:\/\/schema.org","@graph":[{"@type":"WebPage","@id":"https:\/\/www.couradeau-delphine.com\/enihpled\/","url":"https:\/\/www.couradeau-delphine.com\/enihpled\/","name":"Home - Enihpled","isPartOf":{"@id":"https:\/\/www.couradeau-delphine.com\/enihpled\/#website"},"primaryImageOfPage":{"@id":"https:\/\/www.couradeau-delphine.com\/enihpled\/#primaryimage"},"image":{"@id":"https:\/\/www.couradeau-delphine.com\/enihpled\/#primaryimage"},"thumbnailUrl":"http:\/\/www.couradeau-delphine.com\/enihpled\/wp-content\/uploads\/2020\/12\/logofougereV2.png","datePublished":"2014-02-10T21:24:52+00:00","dateModified":"2023-09-01T15:34:34+00:00","description":"Bonjour et bienvenue sur le site de Delphine Couradeau alias Enihpled (son pr\u00e9nom \u00e0 l'envers). Vous y trouverez des mises en pratiques de son savoir faire dans les domaines du web et de l'infographie.","breadcrumb":{"@id":"https:\/\/www.couradeau-delphine.com\/enihpled\/#breadcrumb"},"inLanguage":"fr-FR","potentialAction":[{"@type":"ReadAction","target":["https:\/\/www.couradeau-delphine.com\/enihpled\/"]}]},{"@type":"ImageObject","inLanguage":"fr-FR","@id":"https:\/\/www.couradeau-delphine.com\/enihpled\/#primaryimage","url":"http:\/\/www.couradeau-delphine.com\/enihpled\/wp-content\/uploads\/2020\/12\/logofougereV2.png","contentUrl":"http:\/\/www.couradeau-delphine.com\/enihpled\/wp-content\/uploads\/2020\/12\/logofougereV2.png"},{"@type":"BreadcrumbList","@id":"https:\/\/www.couradeau-delphine.com\/enihpled\/#breadcrumb","itemListElement":[{"@type":"ListItem","position":1,"name":"Accueil","item":"https:\/\/www.couradeau-delphine.com\/enihpled\/"},{"@type":"ListItem","position":2,"name":"Home"}]},{"@type":"WebSite","@id":"https:\/\/www.couradeau-delphine.com\/enihpled\/#website","url":"https:\/\/www.couradeau-delphine.com\/enihpled\/","name":"Enihpled","description":"","publisher":{"@id":"https:\/\/www.couradeau-delphine.com\/enihpled\/#organization"},"potentialAction":[{"@type":"SearchAction","target":{"@type":"EntryPoint","urlTemplate":"https:\/\/www.couradeau-delphine.com\/enihpled\/?s={search_term_string}"},"query-input":"required name=search_term_string"}],"inLanguage":"fr-FR"},{"@type":"Organization","@id":"https:\/\/www.couradeau-delphine.com\/enihpled\/#organization","name":"Enihpled","url":"https:\/\/www.couradeau-delphine.com\/enihpled\/","logo":{"@type":"ImageObject","inLanguage":"fr-FR","@id":"https:\/\/www.couradeau-delphine.com\/enihpled\/#\/schema\/logo\/image\/","url":"https:\/\/www.couradeau-delphine.com\/enihpled\/wp-content\/uploads\/2020\/12\/cropped-logofougereV2.png","contentUrl":"https:\/\/www.couradeau-delphine.com\/enihpled\/wp-content\/uploads\/2020\/12\/cropped-logofougereV2.png","width":762,"height":654,"caption":"Enihpled"},"image":{"@id":"https:\/\/www.couradeau-delphine.com\/enihpled\/#\/schema\/logo\/image\/"}}]}},"_links":{"self":[{"href":"https:\/\/www.couradeau-delphine.com\/enihpled\/wp-json\/wp\/v2\/pages\/41"}],"collection":[{"href":"https:\/\/www.couradeau-delphine.com\/enihpled\/wp-json\/wp\/v2\/pages"}],"about":[{"href":"https:\/\/www.couradeau-delphine.com\/enihpled\/wp-json\/wp\/v2\/types\/page"}],"author":[{"embeddable":true,"href":"https:\/\/www.couradeau-delphine.com\/enihpled\/wp-json\/wp\/v2\/users\/2"}],"replies":[{"embeddable":true,"href":"https:\/\/www.couradeau-delphine.com\/enihpled\/wp-json\/wp\/v2\/comments?post=41"}],"version-history":[{"count":53,"href":"https:\/\/www.couradeau-delphine.com\/enihpled\/wp-json\/wp\/v2\/pages\/41\/revisions"}],"predecessor-version":[{"id":751,"href":"https:\/\/www.couradeau-delphine.com\/enihpled\/wp-json\/wp\/v2\/pages\/41\/revisions\/751"}],"wp:attachment":[{"href":"https:\/\/www.couradeau-delphine.com\/enihpled\/wp-json\/wp\/v2\/media?parent=41"}],"curies":[{"name":"wp","href":"https:\/\/api.w.org\/{rel}","templated":true}]}}