{"id":26,"date":"2014-02-10T11:10:27","date_gmt":"2014-02-10T10:10:27","guid":{"rendered":"http:\/\/localhost:8888\/enihpled_wp\/?page_id=26"},"modified":"2023-09-01T16:32:35","modified_gmt":"2023-09-01T15:32:35","slug":"sites_web","status":"publish","type":"page","link":"https:\/\/www.couradeau-delphine.com\/enihpled\/sites_web\/","title":{"rendered":"Sites Web"},"content":{"rendered":"\n<h2 class=\"wp-block-heading has-text-align-center\">Atelier d&rsquo;architecture <br>La Ruche<\/h2>\n\n\n\n<div class=\"wp-block-media-text alignwide is-stacked-on-mobile is-vertically-aligned-center\"><figure class=\"wp-block-media-text__media\"><a href=\"https:\/\/www.atelier-architecture-laruche.com\/\" target=\"_blank\" rel=\"noreferrer noopener\"><img decoding=\"async\" loading=\"lazy\" width=\"1024\" height=\"872\" src=\"https:\/\/www.couradeau-delphine.com\/enihpled\/wp-content\/uploads\/2023\/09\/Capture-decran-2023-09-01-a-16.51.32-1024x872.png\" alt=\"\" class=\"wp-image-730 size-full\" srcset=\"https:\/\/www.couradeau-delphine.com\/enihpled\/wp-content\/uploads\/2023\/09\/Capture-decran-2023-09-01-a-16.51.32-1024x872.png 1024w, https:\/\/www.couradeau-delphine.com\/enihpled\/wp-content\/uploads\/2023\/09\/Capture-decran-2023-09-01-a-16.51.32-300x256.png 300w, https:\/\/www.couradeau-delphine.com\/enihpled\/wp-content\/uploads\/2023\/09\/Capture-decran-2023-09-01-a-16.51.32-768x654.png 768w, https:\/\/www.couradeau-delphine.com\/enihpled\/wp-content\/uploads\/2023\/09\/Capture-decran-2023-09-01-a-16.51.32-1200x1022.png 1200w, https:\/\/www.couradeau-delphine.com\/enihpled\/wp-content\/uploads\/2023\/09\/Capture-decran-2023-09-01-a-16.51.32.png 1478w\" sizes=\"(max-width: 1024px) 100vw, 1024px\" \/><\/a><\/figure><div class=\"wp-block-media-text__content\">\n<p>L&rsquo;atelier d&rsquo;architecture La Ruche est compos\u00e9 de trois architectes. Leur site \u00e9tait pr\u00e9-existant.<\/p>\n\n\n\n<h4 class=\"wp-block-heading\">Mes actions <\/h4>\n\n\n\n<ul>\n<li>Reprise de l&rsquo;arborescence du site<\/li>\n\n\n\n<li>Simplification de la charte graphique<\/li>\n\n\n\n<li>Reprise du logo<\/li>\n\n\n\n<li>Gestion de la relation client<\/li>\n\n\n\n<li>Int\u00e9gration<\/li>\n\n\n\n<li>Gestion du responsive<\/li>\n\n\n\n<li>Gestion du r\u00e9f\u00e9rencement<\/li>\n<\/ul>\n\n\n\n<h4 class=\"wp-block-heading\">L&rsquo;adresse<\/h4>\n\n\n\n<p><a href=\"https:\/\/www.atelier-architecture-laruche.com\/\" target=\"_blank\" rel=\"noreferrer noopener\">atelier-architecture-laruche.com<\/a><\/p>\n<\/div><\/div>\n\n\n\n<hr class=\"wp-block-separator has-css-opacity\"\/>\n\n\n\n<h2 class=\"wp-block-heading has-text-align-center\">CASAREFA<\/h2>\n\n\n\n<div class=\"wp-block-media-text alignwide is-stacked-on-mobile\"><figure class=\"wp-block-media-text__media\"><a href=\"https:\/\/www.casarefa.com\/\" target=\"_blank\" rel=\"noreferrer noopener\"><img decoding=\"async\" loading=\"lazy\" width=\"1024\" height=\"954\" src=\"https:\/\/www.couradeau-delphine.com\/enihpled\/wp-content\/uploads\/2023\/09\/Capture-decran-2023-09-01-a-14.46.51-1024x954.png\" alt=\"Accueil du site casarefa.com\" class=\"wp-image-698 size-full\" srcset=\"https:\/\/www.couradeau-delphine.com\/enihpled\/wp-content\/uploads\/2023\/09\/Capture-decran-2023-09-01-a-14.46.51-1024x954.png 1024w, https:\/\/www.couradeau-delphine.com\/enihpled\/wp-content\/uploads\/2023\/09\/Capture-decran-2023-09-01-a-14.46.51-300x280.png 300w, https:\/\/www.couradeau-delphine.com\/enihpled\/wp-content\/uploads\/2023\/09\/Capture-decran-2023-09-01-a-14.46.51-768x716.png 768w, https:\/\/www.couradeau-delphine.com\/enihpled\/wp-content\/uploads\/2023\/09\/Capture-decran-2023-09-01-a-14.46.51-1200x1118.png 1200w, https:\/\/www.couradeau-delphine.com\/enihpled\/wp-content\/uploads\/2023\/09\/Capture-decran-2023-09-01-a-14.46.51.png 1364w\" sizes=\"(max-width: 1024px) 100vw, 1024px\" \/><\/a><\/figure><div class=\"wp-block-media-text__content\">\n<p>Le site Casarefa g\u00e8re plusieurs biens d&rsquo;exceptions. Autant une vitrine qu&rsquo;un moyen de communication avec ses clients, le site \u00e0 besoin de mise \u00e0 jour r\u00e9guli\u00e8re. <\/p>\n\n\n\n<h4 class=\"wp-block-heading\">Mes actions<\/h4>\n\n\n\n<ul>\n<li>R\u00e9daction du cahier des charges<\/li>\n\n\n\n<li>Cr\u00e9ation de l&rsquo;arborescence du site<\/li>\n\n\n\n<li>Proposition de charte graphique<\/li>\n\n\n\n<li>Gestion de la relation client<\/li>\n\n\n\n<li>Int\u00e9gration<\/li>\n\n\n\n<li>Cr\u00e9ation d&rsquo;\u00e9l\u00e9ments graphiques sp\u00e9cifiques<\/li>\n\n\n\n<li>Gestion des plugins<\/li>\n\n\n\n<li>Gestion du responsive<\/li>\n\n\n\n<li>Gestion du r\u00e9f\u00e9rencement<\/li>\n\n\n\n<li>Formation des clients \u00e0 l&rsquo;administration du site<\/li>\n<\/ul>\n\n\n\n<h4 class=\"wp-block-heading\">L&rsquo;adresse<\/h4>\n\n\n\n<p><a href=\"https:\/\/www.casarefa.com\/\" target=\"_blank\" rel=\"noreferrer noopener\">casarefa.com<\/a><\/p>\n<\/div><\/div>\n\n\n\n<hr class=\"wp-block-separator has-css-opacity\"\/>\n\n\n\n<h2 class=\"wp-block-heading has-text-align-center\">Lydiane M\u00e8dium<\/h2>\n\n\n\n<div class=\"wp-block-media-text alignwide is-stacked-on-mobile\"><figure class=\"wp-block-media-text__media\"><a href=\"https:\/\/www.lydiane-medium.com\/\" target=\"_blank\" rel=\"noreferrer noopener\"><img decoding=\"async\" loading=\"lazy\" width=\"1024\" height=\"954\" src=\"https:\/\/www.couradeau-delphine.com\/enihpled\/wp-content\/uploads\/2023\/09\/Capture-decran-2023-09-01-a-15.21.19-1024x954.png\" alt=\"\" class=\"wp-image-700 size-full\" srcset=\"https:\/\/www.couradeau-delphine.com\/enihpled\/wp-content\/uploads\/2023\/09\/Capture-decran-2023-09-01-a-15.21.19-1024x954.png 1024w, https:\/\/www.couradeau-delphine.com\/enihpled\/wp-content\/uploads\/2023\/09\/Capture-decran-2023-09-01-a-15.21.19-300x280.png 300w, https:\/\/www.couradeau-delphine.com\/enihpled\/wp-content\/uploads\/2023\/09\/Capture-decran-2023-09-01-a-15.21.19-768x716.png 768w, https:\/\/www.couradeau-delphine.com\/enihpled\/wp-content\/uploads\/2023\/09\/Capture-decran-2023-09-01-a-15.21.19-1200x1118.png 1200w, https:\/\/www.couradeau-delphine.com\/enihpled\/wp-content\/uploads\/2023\/09\/Capture-decran-2023-09-01-a-15.21.19.png 1364w\" sizes=\"(max-width: 1024px) 100vw, 1024px\" \/><\/a><\/figure><div class=\"wp-block-media-text__content\">\n<p>Lydiane M\u00e9dium avait besoin d&rsquo;un site pour communiquer avec ses clients. Le site a connu plusieurs \u00e9volutions en fonction de ses besoins et de son activit\u00e9. <\/p>\n\n\n\n<h4 class=\"wp-block-heading\">Mes actions <\/h4>\n\n\n\n<ul>\n<li>R\u00e9daction du cahier des charges<\/li>\n\n\n\n<li>Cr\u00e9ation de l&rsquo;arborescence du site<\/li>\n\n\n\n<li>Cr\u00e9ation de la charte graphique<\/li>\n\n\n\n<li>Cr\u00e9ation du logo<\/li>\n\n\n\n<li>Gestion de la relation client<\/li>\n\n\n\n<li>Cr\u00e9ation de l&rsquo;espace Wix Pro<\/li>\n\n\n\n<li>Int\u00e9gration<\/li>\n\n\n\n<li>Gestion des plugins<\/li>\n\n\n\n<li>Gestion du responsive<\/li>\n\n\n\n<li>Gestion du r\u00e9f\u00e9rencement<\/li>\n\n\n\n<li>Formation de la cliente \u00e0 l&rsquo;administration du site<\/li>\n<\/ul>\n\n\n\n<h4 class=\"wp-block-heading\">L&rsquo;adresse<\/h4>\n\n\n\n<p><a href=\"https:\/\/www.lydiane-medium.com\/\" target=\"_blank\" rel=\"noreferrer noopener\">lydiane-medium.com<\/a><\/p>\n<\/div><\/div>\n\n\n\n<hr class=\"wp-block-separator has-css-opacity\"\/>\n\n\n\n<h3 class=\"wp-block-heading has-text-align-center\">Le Go\u00fbt de Vivre<\/h3>\n\n\n\n<div class=\"wp-block-media-text alignwide is-stacked-on-mobile is-vertically-aligned-center\"><figure class=\"wp-block-media-text__media\"><a href=\"https:\/\/www.legoutdevivre.fr\/\" target=\"_blank\" rel=\"noreferrer noopener\"><img decoding=\"async\" loading=\"lazy\" width=\"1024\" height=\"820\" src=\"https:\/\/www.couradeau-delphine.com\/enihpled\/wp-content\/uploads\/2023\/09\/Capture-decran-2023-09-01-a-15.31.04-1024x820.png\" alt=\"\" class=\"wp-image-701 size-full\" srcset=\"https:\/\/www.couradeau-delphine.com\/enihpled\/wp-content\/uploads\/2023\/09\/Capture-decran-2023-09-01-a-15.31.04-1024x820.png 1024w, https:\/\/www.couradeau-delphine.com\/enihpled\/wp-content\/uploads\/2023\/09\/Capture-decran-2023-09-01-a-15.31.04-300x240.png 300w, https:\/\/www.couradeau-delphine.com\/enihpled\/wp-content\/uploads\/2023\/09\/Capture-decran-2023-09-01-a-15.31.04-768x615.png 768w, https:\/\/www.couradeau-delphine.com\/enihpled\/wp-content\/uploads\/2023\/09\/Capture-decran-2023-09-01-a-15.31.04-1536x1229.png 1536w, https:\/\/www.couradeau-delphine.com\/enihpled\/wp-content\/uploads\/2023\/09\/Capture-decran-2023-09-01-a-15.31.04-1200x960.png 1200w, https:\/\/www.couradeau-delphine.com\/enihpled\/wp-content\/uploads\/2023\/09\/Capture-decran-2023-09-01-a-15.31.04.png 1588w\" sizes=\"(max-width: 1024px) 100vw, 1024px\" \/><\/a><\/figure><div class=\"wp-block-media-text__content\">\n<p>Le Go\u00fbt de Vivre est une entreprise de Chartres s&rsquo;occupant des intervenants autour du maintiens \u00e0 domicile. <\/p>\n\n\n\n<h4 class=\"wp-block-heading\">Mes actions <\/h4>\n\n\n\n<ul>\n<li>R\u00e9daction du cahier des charges<\/li>\n\n\n\n<li>Cr\u00e9ation de l&rsquo;arborescence du site<\/li>\n\n\n\n<li>Cr\u00e9ation de la charte graphique<\/li>\n\n\n\n<li>Cr\u00e9ation du logo<\/li>\n\n\n\n<li>Gestion de la relation client<\/li>\n\n\n\n<li>Cr\u00e9ation de l&rsquo;espace Wix Pro<\/li>\n\n\n\n<li>Int\u00e9gration<\/li>\n\n\n\n<li>Gestion du responsive<\/li>\n\n\n\n<li>Gestion du r\u00e9f\u00e9rencement<\/li>\n\n\n\n<li>Formation des clients \u00e0 l&rsquo;administration du site<\/li>\n<\/ul>\n\n\n\n<h4 class=\"wp-block-heading\">L&rsquo;adresse<\/h4>\n\n\n\n<p><a href=\"https:\/\/www.legoutdevivre.fr\/\" target=\"_blank\" rel=\"noreferrer noopener\">legoutdevivre.fr<\/a><\/p>\n<\/div><\/div>\n\n\n\n<hr class=\"wp-block-separator has-css-opacity\"\/>\n\n\n\n<h2 class=\"wp-block-heading has-text-align-center\">BF Confort<\/h2>\n\n\n\n<div class=\"wp-block-media-text alignwide is-stacked-on-mobile\"><figure class=\"wp-block-media-text__media\"><a href=\"https:\/\/www.bfconfort.com\/\" target=\"_blank\" rel=\"noreferrer noopener\"><img decoding=\"async\" loading=\"lazy\" width=\"1024\" height=\"954\" src=\"https:\/\/www.couradeau-delphine.com\/enihpled\/wp-content\/uploads\/2023\/09\/Capture-decran-2023-09-01-a-15.17.07-1024x954.png\" alt=\"\" class=\"wp-image-699 size-full\" srcset=\"https:\/\/www.couradeau-delphine.com\/enihpled\/wp-content\/uploads\/2023\/09\/Capture-decran-2023-09-01-a-15.17.07-1024x954.png 1024w, https:\/\/www.couradeau-delphine.com\/enihpled\/wp-content\/uploads\/2023\/09\/Capture-decran-2023-09-01-a-15.17.07-300x280.png 300w, https:\/\/www.couradeau-delphine.com\/enihpled\/wp-content\/uploads\/2023\/09\/Capture-decran-2023-09-01-a-15.17.07-768x716.png 768w, https:\/\/www.couradeau-delphine.com\/enihpled\/wp-content\/uploads\/2023\/09\/Capture-decran-2023-09-01-a-15.17.07-1200x1118.png 1200w, https:\/\/www.couradeau-delphine.com\/enihpled\/wp-content\/uploads\/2023\/09\/Capture-decran-2023-09-01-a-15.17.07.png 1364w\" sizes=\"(max-width: 1024px) 100vw, 1024px\" \/><\/a><\/figure><div class=\"wp-block-media-text__content\">\n<p>L\u2019entreprise BF Confort situ\u00e9e \u00e0 Lar\u00e7ay, vous propose ses services et vous guide sur les installations ou les r\u00e9novations de plomberie-sanitaire, chauffage et vous accompagne sur l\u2019ensemble de vos travaux.<\/p>\n\n\n\n<h4 class=\"wp-block-heading\">Mes actions<\/h4>\n\n\n\n<ul>\n<li>R\u00e9daction du cahier des charges<\/li>\n\n\n\n<li>Cr\u00e9ation de l&rsquo;arborescence du site<\/li>\n\n\n\n<li>Cr\u00e9ation de la charte graphique<\/li>\n\n\n\n<li>Gestion de la relation client<\/li>\n\n\n\n<li>Cr\u00e9ation de l&rsquo;espace Wix Pro<\/li>\n\n\n\n<li>Int\u00e9gration<\/li>\n\n\n\n<li>Gestion du responsive<\/li>\n\n\n\n<li>Gestion du r\u00e9f\u00e9rencement<\/li>\n\n\n\n<li>Formation des clients \u00e0 l&rsquo;administration du site<\/li>\n<\/ul>\n\n\n\n<h4 class=\"wp-block-heading\">L&rsquo;adresse<\/h4>\n\n\n\n<p><a href=\"https:\/\/www.bfconfort.com\/\" target=\"_blank\" rel=\"noreferrer noopener\">bfconfort.com<\/a><\/p>\n<\/div><\/div>\n\n\n\n<hr class=\"wp-block-separator has-css-opacity\"\/>\n\n\n\n<p class=\"has-text-align-center\"><a href=\"https:\/\/www.couradeau-delphine.com\/enihpled\/contact\/\">Contacter moi<\/a> pour que nous discutions <br>de la cr\u00e9ation de vos sites web.<\/p>\n","protected":false},"excerpt":{"rendered":"<p>Atelier d&rsquo;architecture La Ruche CASAREFA Lydiane M\u00e8dium Le Go\u00fbt de Vivre BF Confort Contacter moi pour que nous discutions de la cr\u00e9ation de vos sites web.<\/p>\n","protected":false},"author":2,"featured_media":0,"parent":0,"menu_order":0,"comment_status":"closed","ping_status":"closed","template":"","meta":{"footnotes":""},"yoast_head":"<!-- This site is optimized with the Yoast SEO plugin v22.6 - https:\/\/yoast.com\/wordpress\/plugins\/seo\/ -->\n<title>Sites Web - Enihpled<\/title>\n<meta name=\"description\" content=\"Cr\u00e9ation de sites web r\u00e9alis\u00e9s par Delphine Couradeau, description des actions de webmaster, visuels et adresses de chaque site.\" \/>\n<meta name=\"robots\" content=\"index, follow, max-snippet:-1, max-image-preview:large, max-video-preview:-1\" \/>\n<link rel=\"canonical\" href=\"https:\/\/www.couradeau-delphine.com\/enihpled\/sites_web\/\" \/>\n<meta property=\"og:locale\" content=\"fr_FR\" \/>\n<meta property=\"og:type\" content=\"article\" \/>\n<meta property=\"og:title\" content=\"Sites Web - Enihpled\" \/>\n<meta property=\"og:description\" content=\"Cr\u00e9ation de sites web r\u00e9alis\u00e9s par Delphine Couradeau, description des actions de webmaster, visuels et adresses de chaque site.\" \/>\n<meta property=\"og:url\" content=\"https:\/\/www.couradeau-delphine.com\/enihpled\/sites_web\/\" \/>\n<meta property=\"og:site_name\" content=\"Enihpled\" \/>\n<meta property=\"article:modified_time\" content=\"2023-09-01T15:32:35+00:00\" \/>\n<meta property=\"og:image\" content=\"https:\/\/www.couradeau-delphine.com\/enihpled\/wp-content\/uploads\/2023\/09\/Capture-decran-2023-09-01-a-16.51.32-1024x872.png\" \/>\n<meta name=\"twitter:card\" content=\"summary_large_image\" \/>\n<meta name=\"twitter:label1\" content=\"Dur\u00e9e de lecture estim\u00e9e\" \/>\n\t<meta name=\"twitter:data1\" content=\"3 minutes\" \/>\n<script type=\"application\/ld+json\" class=\"yoast-schema-graph\">{\"@context\":\"https:\/\/schema.org\",\"@graph\":[{\"@type\":\"WebPage\",\"@id\":\"https:\/\/www.couradeau-delphine.com\/enihpled\/sites_web\/\",\"url\":\"https:\/\/www.couradeau-delphine.com\/enihpled\/sites_web\/\",\"name\":\"Sites Web - Enihpled\",\"isPartOf\":{\"@id\":\"https:\/\/www.couradeau-delphine.com\/enihpled\/#website\"},\"primaryImageOfPage\":{\"@id\":\"https:\/\/www.couradeau-delphine.com\/enihpled\/sites_web\/#primaryimage\"},\"image\":{\"@id\":\"https:\/\/www.couradeau-delphine.com\/enihpled\/sites_web\/#primaryimage\"},\"thumbnailUrl\":\"https:\/\/www.couradeau-delphine.com\/enihpled\/wp-content\/uploads\/2023\/09\/Capture-decran-2023-09-01-a-16.51.32-1024x872.png\",\"datePublished\":\"2014-02-10T10:10:27+00:00\",\"dateModified\":\"2023-09-01T15:32:35+00:00\",\"description\":\"Cr\u00e9ation de sites web r\u00e9alis\u00e9s par Delphine Couradeau, description des actions de webmaster, visuels et adresses de chaque site.\",\"breadcrumb\":{\"@id\":\"https:\/\/www.couradeau-delphine.com\/enihpled\/sites_web\/#breadcrumb\"},\"inLanguage\":\"fr-FR\",\"potentialAction\":[{\"@type\":\"ReadAction\",\"target\":[\"https:\/\/www.couradeau-delphine.com\/enihpled\/sites_web\/\"]}]},{\"@type\":\"ImageObject\",\"inLanguage\":\"fr-FR\",\"@id\":\"https:\/\/www.couradeau-delphine.com\/enihpled\/sites_web\/#primaryimage\",\"url\":\"https:\/\/www.couradeau-delphine.com\/enihpled\/wp-content\/uploads\/2023\/09\/Capture-decran-2023-09-01-a-16.51.32.png\",\"contentUrl\":\"https:\/\/www.couradeau-delphine.com\/enihpled\/wp-content\/uploads\/2023\/09\/Capture-decran-2023-09-01-a-16.51.32.png\",\"width\":1478,\"height\":1259},{\"@type\":\"BreadcrumbList\",\"@id\":\"https:\/\/www.couradeau-delphine.com\/enihpled\/sites_web\/#breadcrumb\",\"itemListElement\":[{\"@type\":\"ListItem\",\"position\":1,\"name\":\"Accueil\",\"item\":\"https:\/\/www.couradeau-delphine.com\/enihpled\/\"},{\"@type\":\"ListItem\",\"position\":2,\"name\":\"Sites Web\"}]},{\"@type\":\"WebSite\",\"@id\":\"https:\/\/www.couradeau-delphine.com\/enihpled\/#website\",\"url\":\"https:\/\/www.couradeau-delphine.com\/enihpled\/\",\"name\":\"Enihpled\",\"description\":\"\",\"publisher\":{\"@id\":\"https:\/\/www.couradeau-delphine.com\/enihpled\/#organization\"},\"potentialAction\":[{\"@type\":\"SearchAction\",\"target\":{\"@type\":\"EntryPoint\",\"urlTemplate\":\"https:\/\/www.couradeau-delphine.com\/enihpled\/?s={search_term_string}\"},\"query-input\":\"required name=search_term_string\"}],\"inLanguage\":\"fr-FR\"},{\"@type\":\"Organization\",\"@id\":\"https:\/\/www.couradeau-delphine.com\/enihpled\/#organization\",\"name\":\"Enihpled\",\"url\":\"https:\/\/www.couradeau-delphine.com\/enihpled\/\",\"logo\":{\"@type\":\"ImageObject\",\"inLanguage\":\"fr-FR\",\"@id\":\"https:\/\/www.couradeau-delphine.com\/enihpled\/#\/schema\/logo\/image\/\",\"url\":\"https:\/\/www.couradeau-delphine.com\/enihpled\/wp-content\/uploads\/2020\/12\/cropped-logofougereV2.png\",\"contentUrl\":\"https:\/\/www.couradeau-delphine.com\/enihpled\/wp-content\/uploads\/2020\/12\/cropped-logofougereV2.png\",\"width\":762,\"height\":654,\"caption\":\"Enihpled\"},\"image\":{\"@id\":\"https:\/\/www.couradeau-delphine.com\/enihpled\/#\/schema\/logo\/image\/\"}}]}<\/script>\n<!-- \/ Yoast SEO plugin. -->","yoast_head_json":{"title":"Sites Web - Enihpled","description":"Cr\u00e9ation de sites web r\u00e9alis\u00e9s par Delphine Couradeau, description des actions de webmaster, visuels et adresses de chaque site.","robots":{"index":"index","follow":"follow","max-snippet":"max-snippet:-1","max-image-preview":"max-image-preview:large","max-video-preview":"max-video-preview:-1"},"canonical":"https:\/\/www.couradeau-delphine.com\/enihpled\/sites_web\/","og_locale":"fr_FR","og_type":"article","og_title":"Sites Web - Enihpled","og_description":"Cr\u00e9ation de sites web r\u00e9alis\u00e9s par Delphine Couradeau, description des actions de webmaster, visuels et adresses de chaque site.","og_url":"https:\/\/www.couradeau-delphine.com\/enihpled\/sites_web\/","og_site_name":"Enihpled","article_modified_time":"2023-09-01T15:32:35+00:00","og_image":[{"url":"https:\/\/www.couradeau-delphine.com\/enihpled\/wp-content\/uploads\/2023\/09\/Capture-decran-2023-09-01-a-16.51.32-1024x872.png"}],"twitter_card":"summary_large_image","twitter_misc":{"Dur\u00e9e de lecture estim\u00e9e":"3 minutes"},"schema":{"@context":"https:\/\/schema.org","@graph":[{"@type":"WebPage","@id":"https:\/\/www.couradeau-delphine.com\/enihpled\/sites_web\/","url":"https:\/\/www.couradeau-delphine.com\/enihpled\/sites_web\/","name":"Sites Web - Enihpled","isPartOf":{"@id":"https:\/\/www.couradeau-delphine.com\/enihpled\/#website"},"primaryImageOfPage":{"@id":"https:\/\/www.couradeau-delphine.com\/enihpled\/sites_web\/#primaryimage"},"image":{"@id":"https:\/\/www.couradeau-delphine.com\/enihpled\/sites_web\/#primaryimage"},"thumbnailUrl":"https:\/\/www.couradeau-delphine.com\/enihpled\/wp-content\/uploads\/2023\/09\/Capture-decran-2023-09-01-a-16.51.32-1024x872.png","datePublished":"2014-02-10T10:10:27+00:00","dateModified":"2023-09-01T15:32:35+00:00","description":"Cr\u00e9ation de sites web r\u00e9alis\u00e9s par Delphine Couradeau, description des actions de webmaster, visuels et adresses de chaque site.","breadcrumb":{"@id":"https:\/\/www.couradeau-delphine.com\/enihpled\/sites_web\/#breadcrumb"},"inLanguage":"fr-FR","potentialAction":[{"@type":"ReadAction","target":["https:\/\/www.couradeau-delphine.com\/enihpled\/sites_web\/"]}]},{"@type":"ImageObject","inLanguage":"fr-FR","@id":"https:\/\/www.couradeau-delphine.com\/enihpled\/sites_web\/#primaryimage","url":"https:\/\/www.couradeau-delphine.com\/enihpled\/wp-content\/uploads\/2023\/09\/Capture-decran-2023-09-01-a-16.51.32.png","contentUrl":"https:\/\/www.couradeau-delphine.com\/enihpled\/wp-content\/uploads\/2023\/09\/Capture-decran-2023-09-01-a-16.51.32.png","width":1478,"height":1259},{"@type":"BreadcrumbList","@id":"https:\/\/www.couradeau-delphine.com\/enihpled\/sites_web\/#breadcrumb","itemListElement":[{"@type":"ListItem","position":1,"name":"Accueil","item":"https:\/\/www.couradeau-delphine.com\/enihpled\/"},{"@type":"ListItem","position":2,"name":"Sites Web"}]},{"@type":"WebSite","@id":"https:\/\/www.couradeau-delphine.com\/enihpled\/#website","url":"https:\/\/www.couradeau-delphine.com\/enihpled\/","name":"Enihpled","description":"","publisher":{"@id":"https:\/\/www.couradeau-delphine.com\/enihpled\/#organization"},"potentialAction":[{"@type":"SearchAction","target":{"@type":"EntryPoint","urlTemplate":"https:\/\/www.couradeau-delphine.com\/enihpled\/?s={search_term_string}"},"query-input":"required name=search_term_string"}],"inLanguage":"fr-FR"},{"@type":"Organization","@id":"https:\/\/www.couradeau-delphine.com\/enihpled\/#organization","name":"Enihpled","url":"https:\/\/www.couradeau-delphine.com\/enihpled\/","logo":{"@type":"ImageObject","inLanguage":"fr-FR","@id":"https:\/\/www.couradeau-delphine.com\/enihpled\/#\/schema\/logo\/image\/","url":"https:\/\/www.couradeau-delphine.com\/enihpled\/wp-content\/uploads\/2020\/12\/cropped-logofougereV2.png","contentUrl":"https:\/\/www.couradeau-delphine.com\/enihpled\/wp-content\/uploads\/2020\/12\/cropped-logofougereV2.png","width":762,"height":654,"caption":"Enihpled"},"image":{"@id":"https:\/\/www.couradeau-delphine.com\/enihpled\/#\/schema\/logo\/image\/"}}]}},"_links":{"self":[{"href":"https:\/\/www.couradeau-delphine.com\/enihpled\/wp-json\/wp\/v2\/pages\/26"}],"collection":[{"href":"https:\/\/www.couradeau-delphine.com\/enihpled\/wp-json\/wp\/v2\/pages"}],"about":[{"href":"https:\/\/www.couradeau-delphine.com\/enihpled\/wp-json\/wp\/v2\/types\/page"}],"author":[{"embeddable":true,"href":"https:\/\/www.couradeau-delphine.com\/enihpled\/wp-json\/wp\/v2\/users\/2"}],"replies":[{"embeddable":true,"href":"https:\/\/www.couradeau-delphine.com\/enihpled\/wp-json\/wp\/v2\/comments?post=26"}],"version-history":[{"count":86,"href":"https:\/\/www.couradeau-delphine.com\/enihpled\/wp-json\/wp\/v2\/pages\/26\/revisions"}],"predecessor-version":[{"id":750,"href":"https:\/\/www.couradeau-delphine.com\/enihpled\/wp-json\/wp\/v2\/pages\/26\/revisions\/750"}],"wp:attachment":[{"href":"https:\/\/www.couradeau-delphine.com\/enihpled\/wp-json\/wp\/v2\/media?parent=26"}],"curies":[{"name":"wp","href":"https:\/\/api.w.org\/{rel}","templated":true}]}}